{"id":9,"date":"2016-04-08T14:16:06","date_gmt":"2016-04-08T14:16:06","guid":{"rendered":"http:\/\/www.mutante.com.br\/?page_id=9"},"modified":"2019-12-24T16:36:09","modified_gmt":"2019-12-24T16:36:09","slug":"mutacoes","status":"publish","type":"page","link":"http:\/\/www.mutante.com.br\/index.php\/mutacoes\/","title":{"rendered":"Muta\u00e7\u00f5es"},"content":{"rendered":"<p style=\"text-align: center;\">Desde 2014 acontece a &#8220;Oficina Percuss\u00e3o na Mar\u00e9&#8221;, no Complexo da Mar\u00e9 &#8211; Rio de Janeiro.<\/p>\n<p style=\"text-align: center;\"><a href=\"https:\/\/www.youtube.com\/playlist?list=PLT8FXa2GZ6exhXgUDFZgN-BZpxY_JFmfG\"><img loading=\"lazy\" decoding=\"async\" class=\"alignnone size-full wp-image-71\" src=\"http:\/\/www.mutante.com.br\/wp-content\/uploads\/2016\/04\/perc.jpg\" alt=\"perc\" width=\"960\" height=\"640\" srcset=\"http:\/\/www.mutante.com.br\/wp-content\/uploads\/2016\/04\/perc.jpg 960w, http:\/\/www.mutante.com.br\/wp-content\/uploads\/2016\/04\/perc-300x200.jpg 300w, http:\/\/www.mutante.com.br\/wp-content\/uploads\/2016\/04\/perc-768x512.jpg 768w, http:\/\/www.mutante.com.br\/wp-content\/uploads\/2016\/04\/perc-480x320.jpg 480w, http:\/\/www.mutante.com.br\/wp-content\/uploads\/2016\/04\/perc-320x213.jpg 320w, http:\/\/www.mutante.com.br\/wp-content\/uploads\/2016\/04\/perc-240x160.jpg 240w\" sizes=\"auto, (max-width: 960px) 100vw, 960px\" \/><\/a><\/p>\n<p style=\"text-align: center;\">O Projeto Entre Lugares, resgata a hist\u00f3ria local da Comunidade da Mar\u00e9 e transforma tudo em arte, apresentando os alunos em pe\u00e7as e festivais. Est\u00e1 na quinta edi\u00e7\u00e3o!<\/p>\n<p style=\"text-align: center;\"><a href=\"https:\/\/www.youtube.com\/playlist?list=PLT8FXa2GZ6ewm0ph61M3mejgq9zORKox6\"><img loading=\"lazy\" decoding=\"async\" class=\"alignnone size-full wp-image-69\" src=\"http:\/\/www.mutante.com.br\/wp-content\/uploads\/2016\/04\/entre-lugs.jpg\" alt=\"entre lugs\" width=\"960\" height=\"636\" srcset=\"http:\/\/www.mutante.com.br\/wp-content\/uploads\/2016\/04\/entre-lugs.jpg 960w, http:\/\/www.mutante.com.br\/wp-content\/uploads\/2016\/04\/entre-lugs-300x199.jpg 300w, http:\/\/www.mutante.com.br\/wp-content\/uploads\/2016\/04\/entre-lugs-768x509.jpg 768w, http:\/\/www.mutante.com.br\/wp-content\/uploads\/2016\/04\/entre-lugs-320x213.jpg 320w, http:\/\/www.mutante.com.br\/wp-content\/uploads\/2016\/04\/entre-lugs-240x160.jpg 240w\" sizes=\"auto, (max-width: 960px) 100vw, 960px\" \/><\/a><\/p>\n<p style=\"text-align: center;\">\u00c0 partir de agosto\u00a0de 2016, come\u00e7a a Oficina de Audiovisual da Mar\u00e9. Curso t\u00e9cnico pra jovens de 18 a 21 anos.<\/p>\n<p><a href=\"http:\/\/www.polodecomunicacaomare.com.br\/\"><img loading=\"lazy\" decoding=\"async\" class=\"alignnone size-full wp-image-70 aligncenter\" src=\"http:\/\/www.mutante.com.br\/wp-content\/uploads\/2016\/04\/audio-visumare.jpg\" alt=\"audio visumare\" width=\"960\" height=\"733\" srcset=\"http:\/\/www.mutante.com.br\/wp-content\/uploads\/2016\/04\/audio-visumare.jpg 960w, http:\/\/www.mutante.com.br\/wp-content\/uploads\/2016\/04\/audio-visumare-300x229.jpg 300w, http:\/\/www.mutante.com.br\/wp-content\/uploads\/2016\/04\/audio-visumare-768x586.jpg 768w\" sizes=\"auto, (max-width: 960px) 100vw, 960px\" \/><\/a><\/p>\n","protected":false},"excerpt":{"rendered":"<p>Desde 2014 acontece a &#8220;Oficina Percuss\u00e3o na Mar\u00e9&#8221;, no Complexo da Mar\u00e9 &#8211; Rio de Janeiro. O Projeto Entre Lugares, resgata a hist\u00f3ria local da Comunidade da Mar\u00e9 e transforma tudo em arte, apresentando os alunos em pe\u00e7as e festivais. Est\u00e1 na quinta edi\u00e7\u00e3o! \u00c0 partir de agosto\u00a0de 2016, come\u00e7a a Oficina de Audiovisual da [&hellip;]<\/p>\n","protected":false},"author":1,"featured_media":0,"parent":0,"menu_order":0,"comment_status":"closed","ping_status":"closed","template":"","meta":{"footnotes":""},"class_list":["post-9","page","type-page","status-publish","hentry"],"_links":{"self":[{"href":"http:\/\/www.mutante.com.br\/index.php\/wp-json\/wp\/v2\/pages\/9","targetHints":{"allow":["GET"]}}],"collection":[{"href":"http:\/\/www.mutante.com.br\/index.php\/wp-json\/wp\/v2\/pages"}],"about":[{"href":"http:\/\/www.mutante.com.br\/index.php\/wp-json\/wp\/v2\/types\/page"}],"author":[{"embeddable":true,"href":"http:\/\/www.mutante.com.br\/index.php\/wp-json\/wp\/v2\/users\/1"}],"replies":[{"embeddable":true,"href":"http:\/\/www.mutante.com.br\/index.php\/wp-json\/wp\/v2\/comments?post=9"}],"version-history":[{"count":12,"href":"http:\/\/www.mutante.com.br\/index.php\/wp-json\/wp\/v2\/pages\/9\/revisions"}],"predecessor-version":[{"id":255,"href":"http:\/\/www.mutante.com.br\/index.php\/wp-json\/wp\/v2\/pages\/9\/revisions\/255"}],"wp:attachment":[{"href":"http:\/\/www.mutante.com.br\/index.php\/wp-json\/wp\/v2\/media?parent=9"}],"curies":[{"name":"wp","href":"https:\/\/api.w.org\/{rel}","templated":true}]}}